{"id":84,"date":"2026-04-27T06:28:06","date_gmt":"2026-04-27T06:28:06","guid":{"rendered":"https:\/\/www.horatius.fi\/?page_id=84"},"modified":"2026-04-27T06:28:06","modified_gmt":"2026-04-27T06:28:06","slug":"visualisaatio-johanneksen-ilmestyksesta","status":"publish","type":"page","link":"https:\/\/www.horatius.fi\/?page_id=84","title":{"rendered":"Visualisaatio Johanneksen ilmestyksest\u00e4"},"content":{"rendered":"\n<p>Olin lukenut Johanneksen ilmestyksen ainakin ehk\u00e4, noin ja suurinpiirtein 10 kertaa ennen kuin aloin tutkimaan sit\u00e4 tarkemmin. En sano t\u00e4h\u00e4 rehvastellakseni, vaan alustaakseni sit\u00e4 miten p\u00e4\u00e4dyin tekem\u00e4\u00e4n visualisaation ilmestyskirjasta ja syy miksi olen se jo alun alkaen lukenut suhteellisen monta kertaa johtuu siit\u00e4, ett\u00e4 pid\u00e4n raamattua ihmiskunnan t\u00e4rkeimp\u00e4n\u00e4 teoksena, uskon Jumalaan ja Jeesukseen. Er\u00e4s paikallinen legendakin \u2014 jo mahdollisesti edesmennyt \u2014, Pahka-Matti, kertoi Kurikka-lehdess\u00e4 ett\u00e4 h\u00e4nell\u00e4 on yksi ainoa Herra ja se on taivaassa!<\/p>\n\n\n\n<p>Ilmestys on raamatun melko varmasti psykedeelisin kirja ja jostain luin, muistaakseni Wikipediasta, ett\u00e4 sen kuuluminen kaanoniin on ollut kiistanalaista. Esimerkiksi ortodoksinen kirkko ei lue sit\u00e4 jumalanpalveluksessa. Sen kuuluminen, tai ei kuuluminen raamattuun on sik\u00e4li samankaltainen kysymys kuin se, ett\u00e4 miksi ihmisest\u00e4 tuli ihminen, eik\u00e4 ruohonkorsi, tai muurahainen, tai joku muu miljardeista ja taas miljardeista olennoista ja el\u00e4m\u00e4st\u00e4 joita maan p\u00e4\u00e4ll\u00e4 asuu. Tai miksi ihmisen silm\u00e4 on siin\u00e4 paikallaan miss\u00e4 se on. Mielest\u00e4ni vastaus on: koska se ei voi olla miss\u00e4\u00e4n muualla! Se ett\u00e4 kuuluuko ilmestyskirja raamattuun on tulkinnanvarainen asia, joidenkin mielest\u00e4 kuuluu ja joidenkin mielest\u00e4 ei. Ja ett\u00e4 onko itse Jumala sen sis\u00e4llytt\u00e4nyt, tai j\u00e4tt\u00e4nyt pois raamatusta, on mit\u00e4 luultavammin ja samankaltainen kysymys kuin se, ett\u00e4 mihin muotoon tai mit\u00e4 rakennusratkaisuja kirkoissamme k\u00e4ytet\u00e4\u00e4n.<\/p>\n\n\n\n<p>Ilmestyskirja kertoo Johanneksen saamasta ilmestyksest\u00e4, lopun ajan tapahtumista, Saatanasta, maata rankaisevista Jumalan vihan maljoista ja vitsauksista, uudesta maasta ja uudesta taivaasta ja uudesta Jerusalemista.<\/p>\n\n\n\n<p>Mit\u00e4 enemm\u00e4n kirjaa olen lukenut, aina sielt\u00e4 on jotain minulle avautunut. Mik\u00e4 on kuva joka kykenee puhumaan? Mik\u00e4 ylip\u00e4\u00e4t\u00e4\u00e4n on kuva? Julkisuuskuva? Ent\u00e4 kun ihminen laittaa itselleen p\u00e4\u00e4lle juhlavaatteet, eik\u00f6 h\u00e4n silloin viesti jonkinlaista vapautumista, juhlaan antautumista? Tai kun kuninkaalla on kruunu p\u00e4\u00e4ss\u00e4, eik\u00f6 tuo kruunu symbolisoi, kuvasta ja viesti kunikuutta? Mutta kuningas ei ole silti kruununsa yht\u00e4\u00e4n enemp\u00e4\u00e4 kuin me olemme meist\u00e4 otetut valokuvat. Ent\u00e4 tietokoneet, jotka koneina yll\u00e4pit\u00e4v\u00e4t p\u00f6rssej\u00e4mme, pankkejamme, rahaliikennett\u00e4 ja niin edelleen. Puhumattakaan teko\u00e4lyst\u00e4, joka sanoja ennustamalla luo illuusion hengest\u00e4. Ent\u00e4 raha, eli mammona, se jolla kaiken saa; talot, autot, yst\u00e4v\u00e4t, maata, naisia, vaikutusvaltaa, presidenttiyden, kuninkuuden ja maailmanvaltiuuden? Voisiko kapitaali pakottaa jokaisen vannomaan sille uskollisuutta, vaikka sill\u00e4 ei ole henke\u00e4 ja se on pelkk\u00e4 kuva? Toisinsanoen, pakottamaan ottamaan merkin, jolla saa ostaa ja myyd\u00e4.<\/p>\n\n\n\n<blockquote class=\"wp-block-quote is-layout-flow wp-block-quote-is-layout-flow\">\n<p> <em>\u201dSe on saanut vallan antaa pedon kuvalle hengen, niin ett\u00e4 kuva jopa kykenee puhumaan, ja se on my\u00f6s saanut vallan tappaa kaikki, jotka eiv\u00e4t kumarra pedon kuvaa. Se pakottaa kaikki, pienet ja suuret, rikkaat ja k\u00f6yh\u00e4t, vapaat ja orjat, ottamaan oikeaan k\u00e4teens\u00e4 tai otsaansa merkin. Kenenk\u00e4\u00e4n ei ole lupa ostaa eik\u00e4 myyd\u00e4 mit\u00e4\u00e4n, ellei h\u00e4nell\u00e4 ole t\u00e4t\u00e4 merkki\u00e4, joka on pedon nimi tai sen nimen luku. T\u00e4ss\u00e4 vaaditaan viisautta. Se, jolla on ymm\u00e4rryst\u00e4, laskekoon pedon nimen lukuarvon: se on er\u00e4\u00e4n ihmisen luku, ja se luku on kuusisataakuusikymment\u00e4kuusi.\u201d<\/em> <a href=\"https:\/\/www.raamattu.fi\/raamattu\/KR38\/REV.14\"><\/a><\/p>\n\n\n\n<p>Ilmestyskirja 13:15<\/p>\n<\/blockquote>\n\n\n\n<p>Ent\u00e4p\u00e4 t\u00e4m\u00e4 kohta: \u201dPeto, jonka n\u00e4it, on ollut, mutta nyt sit\u00e4 ei ole. Se tulee viel\u00e4 nousemaan syvyydest\u00e4, mutta lopulta se joutuu tuhon omaksi.\u201d Ymm\u00e4rr\u00e4n t\u00e4m\u00e4n jotenkin Platonin ideaopin mukaisesti, ett\u00e4 jokaisella koneella, j\u00e4rjestelm\u00e4ll\u00e4 ja kuvalla on jo olemassaolonsa, se potentiaalinsa jo alusta saakka mit\u00e4 ne voivat koskaan olla, koska j\u00e4rjestelm\u00e4 itsest\u00e4\u00e4n ei kehity mihink\u00e4\u00e4n, vaan <em>kone on aina ollut olemassa<\/em>, vaan eri muodoissaan ja jo silloinkin kun sit\u00e4 ei ollut. Siis ett\u00e4 toisessa p\u00e4\u00e4ss\u00e4 on henki ja toisessa p\u00e4\u00e4ss\u00e4 hengett\u00f6myys eli kone, toisessa p\u00e4\u00e4ss\u00e4 Jumala ja toisessa Saatana. Koneelle ei tule henke\u00e4, kuten vaikkapa kaupungilla, peliyhteis\u00f6ll\u00e4, harrastusseuralla jne. ei voi olla henke\u00e4, joka olisi ihmisist\u00e4 erillinen.<\/p>\n\n\n\n<p>Kun ilmestyskirja kerta toisensa j\u00e4lkeen ylitti ymm\u00e4rrykseni, p\u00e4\u00e4tin ett\u00e4 luen jatkossa jonkin aikaa pelk\u00e4st\u00e4\u00e4n ilmestyskirjaa, ett\u00e4 se avautuisi paremmin. Lukemisen apuna yritin visualisoida sit\u00e4 paperille ja paperille tuherretun visuaalisaation seurauksena syntyi Canvassa luotu visualisaatio. Se ei ole miss\u00e4\u00e4n nimess\u00e4 t\u00e4ydellinen, eik\u00e4 siin\u00e4 ole tavoiteltu mit\u00e4\u00e4n muuta kuin sit\u00e4, ett\u00e4 se olisi jonkinlainen visualisaatio, eli ett\u00e4 siin\u00e4 on t\u00e4rkeimpi\u00e4 elementtej\u00e4, jotka siihen voidaan mahduttaa ja ett\u00e4 sen avulla ilmestyskirja voisi avautua paremmin. Syntyi mielenkiintoinen kuva, jossa el\u00e4m\u00e4n veden virta kulkee A:sta O:hon, alkaen seitsem\u00e4lle seurakunnalle toimitetuista viesteist\u00e4, kulkien l\u00e4pi valtaistuimen ja 24 vanhimman, sek\u00e4 torvenpuhalluksien ja laskeutuen Babylonin tuhoon, josta taas nousten kyyhkysten ja valkoisten hevosten kanssa 1000-vuotiseen valtakuntaan, uuteen taivaaseen ja uuteen maahan, sek\u00e4 uuteen Jerusalemiin jonka muurissa on kaksitoista nime\u00e4, Karitsan kahdentoista apostolin nimet.<\/p>\n\n\n\n<p>Kiitos kun luit!<br><br><\/p>\n\n\n\n<figure class=\"wp-block-image size-large\"><img loading=\"lazy\" decoding=\"async\" width=\"724\" height=\"1024\" src=\"https:\/\/www.horatius.fi\/wp-content\/uploads\/2026\/04\/smyrna1-724x1024.png\" alt=\"\" class=\"wp-image-85\" srcset=\"https:\/\/www.horatius.fi\/wp-content\/uploads\/2026\/04\/smyrna1-724x1024.png 724w, https:\/\/www.horatius.fi\/wp-content\/uploads\/2026\/04\/smyrna1-212x300.png 212w, https:\/\/www.horatius.fi\/wp-content\/uploads\/2026\/04\/smyrna1-768x1086.png 768w, https:\/\/www.horatius.fi\/wp-content\/uploads\/2026\/04\/smyrna1-1086x1536.png 1086w, https:\/\/www.horatius.fi\/wp-content\/uploads\/2026\/04\/smyrna1.png 1414w\" sizes=\"auto, (max-width: 724px) 100vw, 724px\" \/><\/figure>\n","protected":false},"excerpt":{"rendered":"<p>Olin lukenut Johanneksen ilmestyksen ainakin ehk\u00e4, noin ja suurinpiirtein 10 kertaa ennen kuin aloin tutkimaan sit\u00e4 tarkemmin. En sano t\u00e4h\u00e4 rehvastellakseni, vaan alustaakseni sit\u00e4 miten p\u00e4\u00e4dyin tekem\u00e4\u00e4n visualisaation ilmestyskirjasta ja syy miksi olen se jo alun alkaen lukenut suhteellisen monta kertaa johtuu siit\u00e4, ett\u00e4 pid\u00e4n raamattua ihmiskunnan t\u00e4rkeimp\u00e4n\u00e4 teoksena, uskon Jumalaan ja Jeesukseen. Er\u00e4s paikallinen &#8230; <a title=\"Visualisaatio Johanneksen ilmestyksest\u00e4\" class=\"read-more\" href=\"https:\/\/www.horatius.fi\/?page_id=84\" aria-label=\"Lue lis\u00e4\u00e4 aiheesta Visualisaatio Johanneksen ilmestyksest\u00e4\">Lue lis\u00e4\u00e4<\/a><\/p>\n","protected":false},"author":1,"featured_media":0,"parent":0,"menu_order":0,"comment_status":"closed","ping_status":"closed","template":"","meta":{"footnotes":""},"class_list":["post-84","page","type-page","status-publish"],"_links":{"self":[{"href":"https:\/\/www.horatius.fi\/index.php?rest_route=\/wp\/v2\/pages\/84","targetHints":{"allow":["GET"]}}],"collection":[{"href":"https:\/\/www.horatius.fi\/index.php?rest_route=\/wp\/v2\/pages"}],"about":[{"href":"https:\/\/www.horatius.fi\/index.php?rest_route=\/wp\/v2\/types\/page"}],"author":[{"embeddable":true,"href":"https:\/\/www.horatius.fi\/index.php?rest_route=\/wp\/v2\/users\/1"}],"replies":[{"embeddable":true,"href":"https:\/\/www.horatius.fi\/index.php?rest_route=%2Fwp%2Fv2%2Fcomments&post=84"}],"version-history":[{"count":1,"href":"https:\/\/www.horatius.fi\/index.php?rest_route=\/wp\/v2\/pages\/84\/revisions"}],"predecessor-version":[{"id":86,"href":"https:\/\/www.horatius.fi\/index.php?rest_route=\/wp\/v2\/pages\/84\/revisions\/86"}],"wp:attachment":[{"href":"https:\/\/www.horatius.fi\/index.php?rest_route=%2Fwp%2Fv2%2Fmedia&parent=84"}],"curies":[{"name":"wp","href":"https:\/\/api.w.org\/{rel}","templated":true}]}}